{"id":6377,"date":"2022-01-17T08:02:16","date_gmt":"2022-01-17T08:02:16","guid":{"rendered":"https:\/\/a3d.es\/projects\/pharma-projects\/"},"modified":"2023-09-12T12:24:39","modified_gmt":"2023-09-12T12:24:39","slug":"pharma-projects","status":"publish","type":"page","link":"https:\/\/a3d.es\/en\/projects\/pharma-projects\/","title":{"rendered":"Pharma projects"},"content":{"rendered":"\t\t<div data-elementor-type=\"wp-page\" data-elementor-id=\"6377\" class=\"elementor elementor-6377 elementor-1445\" data-elementor-settings=\"{&quot;ha_cmc_init_switcher&quot;:&quot;no&quot;}\" data-elementor-post-type=\"page\">\n\t\t\t\t\t\t<section class=\"elementor-section elementor-top-section elementor-element elementor-element-d2a8540 elementor-section-boxed elementor-section-height-default elementor-section-height-default\" data-id=\"d2a8540\" data-element_type=\"section\" data-e-type=\"section\" data-settings=\"{&quot;_ha_eqh_enable&quot;:false}\">\n\t\t\t\t\t\t<div class=\"elementor-container elementor-column-gap-default\">\n\t\t\t\t\t<div class=\"elementor-column elementor-col-100 elementor-top-column elementor-element elementor-element-553455e\" data-id=\"553455e\" data-element_type=\"column\" data-e-type=\"column\" data-settings=\"{&quot;background_background&quot;:&quot;classic&quot;}\">\n\t\t\t<div class=\"elementor-widget-wrap elementor-element-populated\">\n\t\t\t\t\t<div class=\"elementor-background-overlay\"><\/div>\n\t\t\t\t\t\t<div class=\"elementor-element elementor-element-9f15483 elementor-grid-eael-col-4 elementor-grid-tablet-eael-col-2 elementor-grid-mobile-eael-col-1 elementor-widget elementor-widget-eael-post-grid\" data-id=\"9f15483\" data-element_type=\"widget\" data-e-type=\"widget\" data-settings=\"{&quot;eael_post_grid_columns&quot;:&quot;eael-col-4&quot;,&quot;eael_post_grid_columns_tablet&quot;:&quot;eael-col-2&quot;,&quot;eael_post_grid_columns_mobile&quot;:&quot;eael-col-1&quot;}\" data-widget_type=\"eael-post-grid.default\">\n\t\t\t\t<div class=\"elementor-widget-container\">\n\t\t\t\t\t<div id=\"eael-post-grid-9f15483\" class=\"eael-post-grid-container\">\n            <div class=\"eael-post-grid eael-post-appender eael-post-appender-9f15483 eael-post-grid-style-three\" data-layout-mode=\"grid\"><article class=\"eael-grid-post  eael-post-grid-column eael-pg-post-6943 category-farmacia-pharma\" data-id=\"6943\">\n        <div class=\"eael-grid-post-holder\">\n            <div class=\"eael-grid-post-holder-inner\"><div class=\"eael-entry-media\"><div class=\"eael-entry-overlay fade-in\"><i class=\"\" aria-hidden=\"true\"><\/i><a href=\"https:\/\/a3d.es\/en\/construcciones\/pharmaceutical-plant\/\"><\/a><\/div><div class=\"eael-entry-thumbnail \">\n                 <img fetchpriority=\"high\" decoding=\"async\" width=\"800\" height=\"450\" src=\"https:\/\/a3d.es\/wp-content\/uploads\/2021\/12\/A3D-proyectos-planta-farmaceutica-p01.jpg\" class=\"attachment-full size-full wp-image-5481\" alt=\"\" title=\"\" srcset=\"https:\/\/a3d.es\/wp-content\/uploads\/2021\/12\/A3D-proyectos-planta-farmaceutica-p01.jpg 800w, https:\/\/a3d.es\/wp-content\/uploads\/2021\/12\/A3D-proyectos-planta-farmaceutica-p01-300x169.jpg 300w, https:\/\/a3d.es\/wp-content\/uploads\/2021\/12\/A3D-proyectos-planta-farmaceutica-p01-768x432.jpg 768w\" sizes=\"(max-width: 800px) 100vw, 800px\" \/>\n             <\/div>\n        <\/div><div class=\"eael-entry-wrapper\"><header class=\"eael-entry-header\"><h2 class=\"eael-entry-title\"><a class=\"eael-grid-post-link\" href=\"https:\/\/a3d.es\/en\/construcciones\/pharmaceutical-plant\/\" title=\"Pharmaceutical plant\">Pharmaceutical plant<\/a><\/h2><\/header><\/div><\/div>\n        <\/div>\n    <\/article><article class=\"eael-grid-post  eael-post-grid-column eael-pg-post-8718 category-farmacia-pharma\" data-id=\"8718\">\n        <div class=\"eael-grid-post-holder\">\n            <div class=\"eael-grid-post-holder-inner\"><div class=\"eael-entry-media\"><div class=\"eael-entry-overlay fade-in\"><i class=\"\" aria-hidden=\"true\"><\/i><a href=\"https:\/\/a3d.es\/en\/construcciones\/filter-dryer-room\/\"><\/a><\/div><div class=\"eael-entry-thumbnail \">\n                 <img decoding=\"async\" width=\"2000\" height=\"1125\" src=\"https:\/\/a3d.es\/wp-content\/uploads\/2022\/03\/A3D-proyectos-sala-filtro-secador-principal.jpg\" class=\"attachment-full size-full wp-image-5820\" alt=\"\" title=\"\" srcset=\"https:\/\/a3d.es\/wp-content\/uploads\/2022\/03\/A3D-proyectos-sala-filtro-secador-principal.jpg 2000w, https:\/\/a3d.es\/wp-content\/uploads\/2022\/03\/A3D-proyectos-sala-filtro-secador-principal-300x169.jpg 300w, https:\/\/a3d.es\/wp-content\/uploads\/2022\/03\/A3D-proyectos-sala-filtro-secador-principal-1024x576.jpg 1024w, https:\/\/a3d.es\/wp-content\/uploads\/2022\/03\/A3D-proyectos-sala-filtro-secador-principal-768x432.jpg 768w, https:\/\/a3d.es\/wp-content\/uploads\/2022\/03\/A3D-proyectos-sala-filtro-secador-principal-1536x864.jpg 1536w\" sizes=\"(max-width: 2000px) 100vw, 2000px\" \/>\n             <\/div>\n        <\/div><div class=\"eael-entry-wrapper\"><header class=\"eael-entry-header\"><h2 class=\"eael-entry-title\"><a class=\"eael-grid-post-link\" href=\"https:\/\/a3d.es\/en\/construcciones\/filter-dryer-room\/\" title=\"Filter dryer room\">Filter dryer room<\/a><\/h2><\/header><\/div><\/div>\n        <\/div>\n    <\/article><article class=\"eael-grid-post  eael-post-grid-column eael-pg-post-6915 category-farmacia-pharma\" data-id=\"6915\">\n        <div class=\"eael-grid-post-holder\">\n            <div class=\"eael-grid-post-holder-inner\"><div class=\"eael-entry-media\"><div class=\"eael-entry-overlay fade-in\"><i class=\"\" aria-hidden=\"true\"><\/i><a href=\"https:\/\/a3d.es\/en\/construcciones\/food-building\/\"><\/a><\/div><div class=\"eael-entry-thumbnail \">\n                 <img decoding=\"async\" width=\"1920\" height=\"1080\" src=\"https:\/\/a3d.es\/wp-content\/uploads\/2022\/03\/A3D-proyectos-edificio-alimentario-principal.jpg\" class=\"attachment-full size-full wp-image-5751\" alt=\"\" title=\"\" srcset=\"https:\/\/a3d.es\/wp-content\/uploads\/2022\/03\/A3D-proyectos-edificio-alimentario-principal.jpg 1920w, https:\/\/a3d.es\/wp-content\/uploads\/2022\/03\/A3D-proyectos-edificio-alimentario-principal-300x169.jpg 300w, https:\/\/a3d.es\/wp-content\/uploads\/2022\/03\/A3D-proyectos-edificio-alimentario-principal-1024x576.jpg 1024w, https:\/\/a3d.es\/wp-content\/uploads\/2022\/03\/A3D-proyectos-edificio-alimentario-principal-768x432.jpg 768w, https:\/\/a3d.es\/wp-content\/uploads\/2022\/03\/A3D-proyectos-edificio-alimentario-principal-1536x864.jpg 1536w\" sizes=\"(max-width: 1920px) 100vw, 1920px\" \/>\n             <\/div>\n        <\/div><div class=\"eael-entry-wrapper\"><header class=\"eael-entry-header\"><h2 class=\"eael-entry-title\"><a class=\"eael-grid-post-link\" href=\"https:\/\/a3d.es\/en\/construcciones\/food-building\/\" title=\"Food building\">Food building<\/a><\/h2><\/header><\/div><\/div>\n        <\/div>\n    <\/article><article class=\"eael-grid-post  eael-post-grid-column eael-pg-post-6884 category-farmacia-pharma\" data-id=\"6884\">\n        <div class=\"eael-grid-post-holder\">\n            <div class=\"eael-grid-post-holder-inner\"><div class=\"eael-entry-media\"><div class=\"eael-entry-overlay fade-in\"><i class=\"\" aria-hidden=\"true\"><\/i><a href=\"https:\/\/a3d.es\/en\/construcciones\/pharmaceutical-plant-storage-tanks\/\"><\/a><\/div><div class=\"eael-entry-thumbnail \">\n                 <img loading=\"lazy\" decoding=\"async\" width=\"2000\" height=\"1055\" src=\"https:\/\/a3d.es\/wp-content\/uploads\/2022\/03\/A3D-principal-proyectos-tanques-almacenamiento-principal.jpg\" class=\"attachment-full size-full wp-image-5872\" alt=\"\" title=\"\" srcset=\"https:\/\/a3d.es\/wp-content\/uploads\/2022\/03\/A3D-principal-proyectos-tanques-almacenamiento-principal.jpg 2000w, https:\/\/a3d.es\/wp-content\/uploads\/2022\/03\/A3D-principal-proyectos-tanques-almacenamiento-principal-300x158.jpg 300w, https:\/\/a3d.es\/wp-content\/uploads\/2022\/03\/A3D-principal-proyectos-tanques-almacenamiento-principal-1024x540.jpg 1024w, https:\/\/a3d.es\/wp-content\/uploads\/2022\/03\/A3D-principal-proyectos-tanques-almacenamiento-principal-768x405.jpg 768w, https:\/\/a3d.es\/wp-content\/uploads\/2022\/03\/A3D-principal-proyectos-tanques-almacenamiento-principal-1536x810.jpg 1536w\" sizes=\"(max-width: 2000px) 100vw, 2000px\" \/>\n             <\/div>\n        <\/div><div class=\"eael-entry-wrapper\"><header class=\"eael-entry-header\"><h2 class=\"eael-entry-title\"><a class=\"eael-grid-post-link\" href=\"https:\/\/a3d.es\/en\/construcciones\/pharmaceutical-plant-storage-tanks\/\" title=\"Pharmaceutical plant storage tanks\">Pharmaceutical plant storage tanks<\/a><\/h2><\/header><\/div><\/div>\n        <\/div>\n    <\/article><article class=\"eael-grid-post  eael-post-grid-column eael-pg-post-6929 category-farmacia-pharma\" data-id=\"6929\">\n        <div class=\"eael-grid-post-holder\">\n            <div class=\"eael-grid-post-holder-inner\"><div class=\"eael-entry-media\"><div class=\"eael-entry-overlay fade-in\"><i class=\"\" aria-hidden=\"true\"><\/i><a href=\"https:\/\/a3d.es\/en\/construcciones\/pharmaceutical-technical-space\/\"><\/a><\/div><div class=\"eael-entry-thumbnail \">\n                 <img loading=\"lazy\" decoding=\"async\" width=\"1980\" height=\"1114\" src=\"https:\/\/a3d.es\/wp-content\/uploads\/2022\/02\/A3D-proyectos-espacio-tecnico-farmaceutico-principal.jpg\" class=\"attachment-full size-full wp-image-5696\" alt=\"\" title=\"\" srcset=\"https:\/\/a3d.es\/wp-content\/uploads\/2022\/02\/A3D-proyectos-espacio-tecnico-farmaceutico-principal.jpg 1980w, https:\/\/a3d.es\/wp-content\/uploads\/2022\/02\/A3D-proyectos-espacio-tecnico-farmaceutico-principal-300x169.jpg 300w, https:\/\/a3d.es\/wp-content\/uploads\/2022\/02\/A3D-proyectos-espacio-tecnico-farmaceutico-principal-1024x576.jpg 1024w, https:\/\/a3d.es\/wp-content\/uploads\/2022\/02\/A3D-proyectos-espacio-tecnico-farmaceutico-principal-768x432.jpg 768w, https:\/\/a3d.es\/wp-content\/uploads\/2022\/02\/A3D-proyectos-espacio-tecnico-farmaceutico-principal-1536x864.jpg 1536w\" sizes=\"(max-width: 1980px) 100vw, 1980px\" \/>\n             <\/div>\n        <\/div><div class=\"eael-entry-wrapper\"><header class=\"eael-entry-header\"><h2 class=\"eael-entry-title\"><a class=\"eael-grid-post-link\" href=\"https:\/\/a3d.es\/en\/construcciones\/pharmaceutical-technical-space\/\" title=\"Pharmaceutical technical space\">Pharmaceutical technical space<\/a><\/h2><\/header><\/div><\/div>\n        <\/div>\n    <\/article><article class=\"eael-grid-post  eael-post-grid-column eael-pg-post-6913 category-farmacia-pharma\" data-id=\"6913\">\n        <div class=\"eael-grid-post-holder\">\n            <div class=\"eael-grid-post-holder-inner\"><div class=\"eael-entry-media\"><div class=\"eael-entry-overlay fade-in\"><i class=\"\" aria-hidden=\"true\"><\/i><a href=\"https:\/\/a3d.es\/en\/construcciones\/food-technical-room\/\"><\/a><\/div><div class=\"eael-entry-thumbnail \">\n                 <img loading=\"lazy\" decoding=\"async\" width=\"1790\" height=\"959\" src=\"https:\/\/a3d.es\/wp-content\/uploads\/2022\/03\/a3d-proyectos-sala-tecnica-alimenticia-5.jpg\" class=\"attachment-full size-full wp-image-5761\" alt=\"\" title=\"\" srcset=\"https:\/\/a3d.es\/wp-content\/uploads\/2022\/03\/a3d-proyectos-sala-tecnica-alimenticia-5.jpg 1790w, https:\/\/a3d.es\/wp-content\/uploads\/2022\/03\/a3d-proyectos-sala-tecnica-alimenticia-5-300x161.jpg 300w, https:\/\/a3d.es\/wp-content\/uploads\/2022\/03\/a3d-proyectos-sala-tecnica-alimenticia-5-1024x549.jpg 1024w, https:\/\/a3d.es\/wp-content\/uploads\/2022\/03\/a3d-proyectos-sala-tecnica-alimenticia-5-768x411.jpg 768w, https:\/\/a3d.es\/wp-content\/uploads\/2022\/03\/a3d-proyectos-sala-tecnica-alimenticia-5-1536x823.jpg 1536w\" sizes=\"(max-width: 1790px) 100vw, 1790px\" \/>\n             <\/div>\n        <\/div><div class=\"eael-entry-wrapper\"><header class=\"eael-entry-header\"><h2 class=\"eael-entry-title\"><a class=\"eael-grid-post-link\" href=\"https:\/\/a3d.es\/en\/construcciones\/food-technical-room\/\" title=\"Food technical room\">Food technical room<\/a><\/h2><\/header><\/div><\/div>\n        <\/div>\n    <\/article><article class=\"eael-grid-post  eael-post-grid-column eael-pg-post-8211 category-farmacia-pharma\" data-id=\"8211\">\n        <div class=\"eael-grid-post-holder\">\n            <div class=\"eael-grid-post-holder-inner\"><div class=\"eael-entry-media\"><div class=\"eael-entry-overlay fade-in\"><i class=\"\" aria-hidden=\"true\"><\/i><a href=\"https:\/\/a3d.es\/en\/construcciones\/technical-room-for-pharmaceutical-industrial-machinery\/\"><\/a><\/div><div class=\"eael-entry-thumbnail \">\n                 <img loading=\"lazy\" decoding=\"async\" width=\"1920\" height=\"1013\" src=\"https:\/\/a3d.es\/wp-content\/uploads\/2023\/09\/181017_IPROCOMSA_01_Escalera2.png\" class=\"attachment-full size-full wp-image-7965\" alt=\"\" title=\"\" srcset=\"https:\/\/a3d.es\/wp-content\/uploads\/2023\/09\/181017_IPROCOMSA_01_Escalera2.png 1920w, https:\/\/a3d.es\/wp-content\/uploads\/2023\/09\/181017_IPROCOMSA_01_Escalera2-300x158.png 300w, https:\/\/a3d.es\/wp-content\/uploads\/2023\/09\/181017_IPROCOMSA_01_Escalera2-1024x540.png 1024w, https:\/\/a3d.es\/wp-content\/uploads\/2023\/09\/181017_IPROCOMSA_01_Escalera2-768x405.png 768w, https:\/\/a3d.es\/wp-content\/uploads\/2023\/09\/181017_IPROCOMSA_01_Escalera2-1536x810.png 1536w\" sizes=\"(max-width: 1920px) 100vw, 1920px\" \/>\n             <\/div>\n        <\/div><div class=\"eael-entry-wrapper\"><header class=\"eael-entry-header\"><h2 class=\"eael-entry-title\"><a class=\"eael-grid-post-link\" href=\"https:\/\/a3d.es\/en\/construcciones\/technical-room-for-pharmaceutical-industrial-machinery\/\" title=\"Technical Room for Pharmaceutical Industrial Machinery\">Technical Room for Pharmaceutical Industrial Machinery<\/a><\/h2><\/header><\/div><\/div>\n        <\/div>\n    <\/article><\/div>\n            <div class=\"clearfix\"><\/div>\n        <\/div>\t\t\t\t<\/div>\n\t\t\t\t<\/div>\n\t\t\t\t\t<\/div>\n\t\t<\/div>\n\t\t\t\t\t<\/div>\n\t\t<\/section>\n\t\t\t\t<\/div>\n\t\t","protected":false},"excerpt":{"rendered":"<p>Planta farmac\u00e9utica Espacio t\u00e9cnico farmac\u00e9utico Edificio alimentario Sala t\u00e9cnica alimenticia Sala para filtro secador Sala de disolventes Tanques de almacenamiento en planta farmac\u00e9utica<\/p>\n","protected":false},"author":13,"featured_media":0,"parent":6375,"menu_order":39,"comment_status":"closed","ping_status":"closed","template":"","meta":{"footnotes":""},"class_list":["post-6377","page","type-page","status-publish","hentry"],"_links":{"self":[{"href":"https:\/\/a3d.es\/en\/wp-json\/wp\/v2\/pages\/6377","targetHints":{"allow":["GET"]}}],"collection":[{"href":"https:\/\/a3d.es\/en\/wp-json\/wp\/v2\/pages"}],"about":[{"href":"https:\/\/a3d.es\/en\/wp-json\/wp\/v2\/types\/page"}],"author":[{"embeddable":true,"href":"https:\/\/a3d.es\/en\/wp-json\/wp\/v2\/users\/13"}],"replies":[{"embeddable":true,"href":"https:\/\/a3d.es\/en\/wp-json\/wp\/v2\/comments?post=6377"}],"version-history":[{"count":0,"href":"https:\/\/a3d.es\/en\/wp-json\/wp\/v2\/pages\/6377\/revisions"}],"up":[{"embeddable":true,"href":"https:\/\/a3d.es\/en\/wp-json\/wp\/v2\/pages\/6375"}],"wp:attachment":[{"href":"https:\/\/a3d.es\/en\/wp-json\/wp\/v2\/media?parent=6377"}],"curies":[{"name":"wp","href":"https:\/\/api.w.org\/{rel}","templated":true}]}}